{"id":130,"date":"2015-04-01T17:25:27","date_gmt":"2015-04-01T15:25:27","guid":{"rendered":"http:\/\/temp.wentz.mc\/?page_id=130"},"modified":"2018-07-11T15:38:32","modified_gmt":"2018-07-11T13:38:32","slug":"a-propos","status":"publish","type":"page","link":"http:\/\/www.wentz.mc\/?page_id=130","title":{"rendered":"\u00c0 propos"},"content":{"rendered":"<pre style=\"padding-left: 300px;\"><\/pre>\n<p style=\"padding-left: 30px;\">La famille WENTZ \u00e9volue dans les m\u00e9tiers de l&rsquo;immobilier depuis 3 g\u00e9n\u00e9rations maintenant et l&rsquo;arriv\u00e9e en Principaut\u00e9 de MONACO de Roger Jean WENTZ dans les ann\u00e9es 1950.<\/p>\n<p style=\"padding-left: 30px;\">La premi\u00e8re agence immobili\u00e8re \u00e0 \u00eatre cr\u00e9\u00e9e fut \u00ab\u00a0MONACO IMMOBILIER\u00a0\u00bb situ\u00e9e au 35 Boulevard Princesse Charlotte.<\/p>\n<p style=\"padding-left: 30px;\">Son fils Eric WENTZ d\u00e9butera sa carri\u00e8re dans le m\u00e9tier au d\u00e9but des ann\u00e9es 1970 avec notamment l&rsquo;agence \u00ab\u00a0SUN AGENCY\u00a0\u00bb, puis \u00ab\u00a0JOHN TAYLOR\u00a0\u00bb et \u00ab\u00a0PARK AGENCE INTERNATIONAL\u00a0\u00bb.<\/p>\n<p style=\"padding-left: 30px;\">Il cr\u00e9era \u00ab\u00a0WENTZ IMMOBILIER\u00a0\u00bb dans les ann\u00e9es 1990, et c&rsquo;est dans cette structure que John et Katia WENTZ seront form\u00e9s au m\u00e9tier.<\/p>\n<p style=\"padding-left: 30px;\">John et Katia WENTZ prendront la direction de la soci\u00e9t\u00e9 au d\u00e9but des ann\u00e9es 2010, celle-ci deviendra \u00ab\u00a0J&amp;K WENTZ Real Estate\u00a0\u00bb.<\/p>\n<div class=\"mceTemp\">\n<p><a href=\"http:\/\/www.wentz.mc\/wp-content\/uploads\/2015\/04\/RogerWentz1.jpg\"><img decoding=\"async\" loading=\"lazy\" class=\"wp-image-328 alignleft\" src=\"http:\/\/www.wentz.mc\/wp-content\/uploads\/2015\/04\/RogerWentz1.jpg\" alt=\"Roger Wentz\" width=\"311\" height=\"459\" srcset=\"http:\/\/www.wentz.mc\/wp-content\/uploads\/2015\/04\/RogerWentz1.jpg 1259w, http:\/\/www.wentz.mc\/wp-content\/uploads\/2015\/04\/RogerWentz1-204x300.jpg 204w, http:\/\/www.wentz.mc\/wp-content\/uploads\/2015\/04\/RogerWentz1-695x1024.jpg 695w\" sizes=\"(max-width: 311px) 100vw, 311px\" \/><\/a><\/p>\n<p>Roger Jean WENTZ<\/p>\n<pre style=\"padding-left: 330px;\"><\/pre>\n<pre><\/pre>\n<p>&nbsp;<\/p>\n<\/div>\n","protected":false},"excerpt":{"rendered":"<p>La famille WENTZ \u00e9volue dans les m\u00e9tiers de l&rsquo;immobilier depuis 3 g\u00e9n\u00e9rations maintenant et l&rsquo;arriv\u00e9e en Principaut\u00e9 de MONACO de Roger Jean WENTZ dans les ann\u00e9es 1950. La premi\u00e8re agence immobili\u00e8re \u00e0 \u00eatre cr\u00e9\u00e9e fut \u00ab\u00a0MONACO IMMOBILIER\u00a0\u00bb situ\u00e9e au 35 Boulevard Princesse Charlotte. Son fils Eric WENTZ d\u00e9butera sa carri\u00e8re dans le m\u00e9tier au d\u00e9but [&hellip;]<\/p>\n","protected":false},"author":1,"featured_media":0,"parent":0,"menu_order":0,"comment_status":"closed","ping_status":"closed","template":"","meta":[],"acf":[],"_links":{"self":[{"href":"http:\/\/www.wentz.mc\/index.php?rest_route=\/wp\/v2\/pages\/130"}],"collection":[{"href":"http:\/\/www.wentz.mc\/index.php?rest_route=\/wp\/v2\/pages"}],"about":[{"href":"http:\/\/www.wentz.mc\/index.php?rest_route=\/wp\/v2\/types\/page"}],"author":[{"embeddable":true,"href":"http:\/\/www.wentz.mc\/index.php?rest_route=\/wp\/v2\/users\/1"}],"replies":[{"embeddable":true,"href":"http:\/\/www.wentz.mc\/index.php?rest_route=%2Fwp%2Fv2%2Fcomments&post=130"}],"version-history":[{"count":29,"href":"http:\/\/www.wentz.mc\/index.php?rest_route=\/wp\/v2\/pages\/130\/revisions"}],"predecessor-version":[{"id":510,"href":"http:\/\/www.wentz.mc\/index.php?rest_route=\/wp\/v2\/pages\/130\/revisions\/510"}],"wp:attachment":[{"href":"http:\/\/www.wentz.mc\/index.php?rest_route=%2Fwp%2Fv2%2Fmedia&parent=130"}],"curies":[{"name":"wp","href":"https:\/\/api.w.org\/{rel}","templated":true}]}}