{"id":134,"date":"2015-03-20T11:40:29","date_gmt":"2015-03-20T10:40:29","guid":{"rendered":"http:\/\/temp.wentz.mc\/?page_id=134"},"modified":"2018-07-06T11:29:55","modified_gmt":"2018-07-06T09:29:55","slug":"vente","status":"publish","type":"page","link":"http:\/\/www.wentz.mc\/?page_id=134","title":{"rendered":"Vente"},"content":{"rendered":"<h1 style=\"padding-left: 30px;\">Vente d\u2019un bien immobilier en Principaut\u00e9 de MONACO<\/h1>\n<p style=\"padding-left: 30px;\"><strong>Frais\u00a0li\u00e9s \u00e0 la vente d\u2019un bien immobilier en Principaut\u00e9 de Monaco<\/strong><\/p>\n<p style=\"padding-left: 30px;\"><strong>\u00a0\u2022\u00a0Commission d\u2019agence<\/strong><br \/>\nLe taux de commission payable par le vendeur et tel que d\u00e9fini par la Chambre Immobili\u00e8re Mon\u00e9gasque est de 5% + TVA (20%) sur la valeur du bien.<\/p>\n<p style=\"padding-left: 30px;\"><strong>\u2022 Frais de mutation<\/strong><br \/>\nIls sont \u00e0 la charge de l\u2019acqu\u00e9reur<\/p>\n<h2><\/h2>\n<h2 style=\"padding-left: 30px;\">Mandat\u00a0de vente<\/h2>\n<p style=\"padding-left: 30px;\">Toute mise en vente d\u2019un bien passe au pr\u00e9alable par la signature d\u2019un mandat de vente.<\/p>\n<p style=\"padding-left: 30px;\">Notre politique est de restreindre le nombre de biens que nous commercialisons afin d\u2019en assurer un meilleur suivi.<\/p>\n<p style=\"padding-left: 30px;\">C&rsquo;est pourquoi nous ne travaillons qu&rsquo;avec des <strong><span style=\"text-decoration: underline;\">mandats exclusifs<\/span><\/strong>.<\/p>\n<p style=\"padding-left: 30px;\">Cette politique permet \u00e9galement une meilleure gestion de l\u2019acc\u00e8s au bien et ainsi assurer la s\u00e9r\u00e9nit\u00e9 du vendeur.<\/p>\n<h2><\/h2>\n<h2><\/h2>\n","protected":false},"excerpt":{"rendered":"<p>Vente d\u2019un bien immobilier en Principaut\u00e9 de MONACO Frais\u00a0li\u00e9s \u00e0 la vente d\u2019un bien immobilier en Principaut\u00e9 de Monaco \u00a0\u2022\u00a0Commission d\u2019agence Le taux de commission payable par le vendeur et tel que d\u00e9fini par la Chambre Immobili\u00e8re Mon\u00e9gasque est de 5% + TVA (20%) sur la valeur du bien. \u2022 Frais de mutation Ils sont [&hellip;]<\/p>\n","protected":false},"author":1,"featured_media":0,"parent":0,"menu_order":0,"comment_status":"closed","ping_status":"closed","template":"","meta":[],"acf":[],"_links":{"self":[{"href":"http:\/\/www.wentz.mc\/index.php?rest_route=\/wp\/v2\/pages\/134"}],"collection":[{"href":"http:\/\/www.wentz.mc\/index.php?rest_route=\/wp\/v2\/pages"}],"about":[{"href":"http:\/\/www.wentz.mc\/index.php?rest_route=\/wp\/v2\/types\/page"}],"author":[{"embeddable":true,"href":"http:\/\/www.wentz.mc\/index.php?rest_route=\/wp\/v2\/users\/1"}],"replies":[{"embeddable":true,"href":"http:\/\/www.wentz.mc\/index.php?rest_route=%2Fwp%2Fv2%2Fcomments&post=134"}],"version-history":[{"count":26,"href":"http:\/\/www.wentz.mc\/index.php?rest_route=\/wp\/v2\/pages\/134\/revisions"}],"predecessor-version":[{"id":495,"href":"http:\/\/www.wentz.mc\/index.php?rest_route=\/wp\/v2\/pages\/134\/revisions\/495"}],"wp:attachment":[{"href":"http:\/\/www.wentz.mc\/index.php?rest_route=%2Fwp%2Fv2%2Fmedia&parent=134"}],"curies":[{"name":"wp","href":"https:\/\/api.w.org\/{rel}","templated":true}]}}