{"id":136,"date":"2015-03-20T11:40:40","date_gmt":"2015-03-20T10:40:40","guid":{"rendered":"http:\/\/temp.wentz.mc\/?page_id=136"},"modified":"2018-07-06T11:31:08","modified_gmt":"2018-07-06T09:31:08","slug":"location","status":"publish","type":"page","link":"http:\/\/www.wentz.mc\/?page_id=136","title":{"rendered":"Location"},"content":{"rendered":"<h1 style=\"padding-left: 30px;\">Location d\u2019un bien immobilier en Principaut\u00e9 de Monaco<\/h1>\n<p style=\"padding-left: 30px;\"><strong>Frais\u00a0li\u00e9s \u00e0 la location d\u2019un bien immobilier en Principaut\u00e9 de Monaco<br \/>\n<\/strong>\u2022 Loyer (payable par trimestre anticip\u00e9)<br \/>\n\u2022 D\u00e9p\u00f4t de garantie (3 mois de loyer)<br \/>\n\u2022 Avances sur charges de copropri\u00e9t\u00e9<br \/>\n\u2022 Commission d\u2019agence (10% du loyer annuel)<br \/>\n\u2022 Frais d\u2019enregistrement du bail (1% loyer annuel)<br \/>\n\u2022 Timbres Fiscaux<\/p>\n<h2 style=\"padding-left: 30px;\"><strong>\u00a0<\/strong>Recherche d\u2019un bien \u00e0 la Location<\/h2>\n<p style=\"padding-left: 30px;\">Au m\u00eame titre que pour un achat, une des particularit\u00e9s du march\u00e9 immobilier mon\u00e9gasque tient \u00e0 ce que les diff\u00e9rents acteurs, en l\u2019occurrence Agences Immobili\u00e8res, marchands de biens et promoteurs, partagent en permanence leur biens (ou listings) entre eux.<\/p>\n<p style=\"padding-left: 30px;\">Aujourd\u2019hui ce partage est grandement facilit\u00e9 par des logiciels informatiques.<\/p>\n<p style=\"padding-left: 30px;\">En choisissant un agent comp\u00e9tent, ceci assure au client une lisibilit\u00e9 totale du march\u00e9, et lui permet ainsi de faire son choix en toute connaissance du march\u00e9.<\/p>\n<p style=\"padding-left: 30px;\"><strong>Notre travaille sera donc de rechercher et de vous pr\u00e9senter tous les biens (pas seulement nos\u00a0biens) disponibles sur le march\u00e9 et correspondant \u00e0 vos crit\u00e8res de recherche.<\/strong><\/p>\n<h2 style=\"padding-left: 30px;\">\u00a0Pr\u00e9sentation\/S\u00e9lection<\/h2>\n<p style=\"padding-left: 30px;\">La pr\u00e9sentation et la s\u00e9lection des biens peuvent se faire soit par envois de descriptifs par email, soit par une pr\u00e9sentation sur grand \u00e9cran dans nos bureaux.<\/p>\n<p style=\"padding-left: 30px;\">D\u00e8s que la s\u00e9lection est arr\u00eat\u00e9e, les rendez-vous sont pris pour les visites.<\/p>\n<p style=\"padding-left: 30px;\"><strong>Dans le cadre des locations, nous conseillons fortement aux clients d\u2019\u00eatre pr\u00e9sent en principaut\u00e9 lors du processus de pr\u00e9sentation des\u00a0s\u00e9lections, ceci dans le but d\u2019organiser le plus rapidement possible les visites des biens.<\/strong><\/p>\n<p style=\"padding-left: 30px;\">Le march\u00e9 locatif Mon\u00e9gasque \u00e9tant tr\u00e8s dynamique, le turn-over des produits est important.<\/p>\n<h2 style=\"padding-left: 30px;\">\u00a0Visites<\/h2>\n<p style=\"padding-left: 30px;\">Lors des prises de rendez-vous,<strong> le nom du client doit \u00eatre d\u00e9nonc\u00e9 par l\u2019agent du locataire aupr\u00e8s des mandataires repr\u00e9sentants les propri\u00e9taires<\/strong> et avec qui les rendez-vous de visite sont \u00e9tablis.<\/p>\n<p style=\"padding-left: 30px;\">Ce principe, obligatoire, permet d\u2019\u00e9viter d\u2019\u00e9ventuelles contestations et litiges entre Agences quant \u00e0 l\u2019attribution du client.<\/p>\n<h2 style=\"padding-left: 30px;\">\u00a0Engagement de location<\/h2>\n<p style=\"padding-left: 30px;\">Lorsque le client a finalement choisi le bien qu\u2019il souhaite louer, <strong>un engagement de location est pr\u00e9par\u00e9 par le gestionnaire et sign\u00e9.<\/strong><\/p>\n<p style=\"padding-left: 30px;\">Ce premier document engage le locataire et permet de bloquer officiellement l\u2019appartement, le d\u00e9p\u00f4t de garantie ainsi que la commission d\u2019agence \u00e9tant r\u00e9gl\u00e9 \u00e0 ce moment l\u00e0, le solde g\u00e9n\u00e9ralement \u00e0 la signature du bail.<\/p>\n<h2 style=\"padding-left: 30px;\">Signature du Bail<\/h2>\n<p>&nbsp;<\/p>\n","protected":false},"excerpt":{"rendered":"<p>Location d\u2019un bien immobilier en Principaut\u00e9 de Monaco Frais\u00a0li\u00e9s \u00e0 la location d\u2019un bien immobilier en Principaut\u00e9 de Monaco \u2022 Loyer (payable par trimestre anticip\u00e9) \u2022 D\u00e9p\u00f4t de garantie (3 mois de loyer) \u2022 Avances sur charges de copropri\u00e9t\u00e9 \u2022 Commission d\u2019agence (10% du loyer annuel) \u2022 Frais d\u2019enregistrement du bail (1% loyer annuel) \u2022 [&hellip;]<\/p>\n","protected":false},"author":1,"featured_media":0,"parent":0,"menu_order":0,"comment_status":"closed","ping_status":"closed","template":"","meta":[],"acf":[],"_links":{"self":[{"href":"http:\/\/www.wentz.mc\/index.php?rest_route=\/wp\/v2\/pages\/136"}],"collection":[{"href":"http:\/\/www.wentz.mc\/index.php?rest_route=\/wp\/v2\/pages"}],"about":[{"href":"http:\/\/www.wentz.mc\/index.php?rest_route=\/wp\/v2\/types\/page"}],"author":[{"embeddable":true,"href":"http:\/\/www.wentz.mc\/index.php?rest_route=\/wp\/v2\/users\/1"}],"replies":[{"embeddable":true,"href":"http:\/\/www.wentz.mc\/index.php?rest_route=%2Fwp%2Fv2%2Fcomments&post=136"}],"version-history":[{"count":17,"href":"http:\/\/www.wentz.mc\/index.php?rest_route=\/wp\/v2\/pages\/136\/revisions"}],"predecessor-version":[{"id":496,"href":"http:\/\/www.wentz.mc\/index.php?rest_route=\/wp\/v2\/pages\/136\/revisions\/496"}],"wp:attachment":[{"href":"http:\/\/www.wentz.mc\/index.php?rest_route=%2Fwp%2Fv2%2Fmedia&parent=136"}],"curies":[{"name":"wp","href":"https:\/\/api.w.org\/{rel}","templated":true}]}}