{"id":138,"date":"2015-03-20T11:40:51","date_gmt":"2015-03-20T10:40:51","guid":{"rendered":"http:\/\/temp.wentz.mc\/?page_id=138"},"modified":"2018-07-17T10:01:41","modified_gmt":"2018-07-17T08:01:41","slug":"gestion","status":"publish","type":"page","link":"http:\/\/www.wentz.mc\/?page_id=138","title":{"rendered":"Gestion"},"content":{"rendered":"<h1 style=\"padding-left: 30px;\">ADMINISTRATION DE BIENS<\/h1>\n<hr \/>\n<h1 style=\"padding-left: 30px;\">GESTION DE PATRIMOINE IMMOBILIER<\/h1>\n<p style=\"padding-left: 30px;\"><strong>Cette activit\u00e9 englobe<\/strong><\/p>\n<p style=\"padding-left: 60px;\">\u2022 La perception de fonds (Loyers, Charges, Caution, etc\u2026)<br \/>\n\u2022 Le paiement des factures ( Electricit\u00e9, Eau, T\u00e9l\u00e9phone, etc\u2026)<br \/>\n\u2022 La repr\u00e9sentation lors d\u2019assembl\u00e9es g\u00e9n\u00e9rales de coprori\u00e9t\u00e9<br \/>\n\u2022 La signature des baux, contrats d\u2019\u00e9lectricit\u00e9s et autres<br \/>\n\u2022 Le r\u00e8glement des charges de copropri\u00e9t\u00e9.<\/p>\n<p style=\"padding-left: 30px;\"><strong>Nos honoraires de gestion s\u2019\u00e9l\u00e8vent \u00e0 5% + TVA des loyers annuels<\/strong><\/p>\n","protected":false},"excerpt":{"rendered":"<p>ADMINISTRATION DE BIENS GESTION DE PATRIMOINE IMMOBILIER Cette activit\u00e9 englobe \u2022 La perception de fonds (Loyers, Charges, Caution, etc\u2026) \u2022 Le paiement des factures ( Electricit\u00e9, Eau, T\u00e9l\u00e9phone, etc\u2026) \u2022 La repr\u00e9sentation lors d\u2019assembl\u00e9es g\u00e9n\u00e9rales de coprori\u00e9t\u00e9 \u2022 La signature des baux, contrats d\u2019\u00e9lectricit\u00e9s et autres \u2022 Le r\u00e8glement des charges de copropri\u00e9t\u00e9. Nos honoraires [&hellip;]<\/p>\n","protected":false},"author":1,"featured_media":0,"parent":0,"menu_order":0,"comment_status":"closed","ping_status":"closed","template":"","meta":[],"acf":[],"_links":{"self":[{"href":"http:\/\/www.wentz.mc\/index.php?rest_route=\/wp\/v2\/pages\/138"}],"collection":[{"href":"http:\/\/www.wentz.mc\/index.php?rest_route=\/wp\/v2\/pages"}],"about":[{"href":"http:\/\/www.wentz.mc\/index.php?rest_route=\/wp\/v2\/types\/page"}],"author":[{"embeddable":true,"href":"http:\/\/www.wentz.mc\/index.php?rest_route=\/wp\/v2\/users\/1"}],"replies":[{"embeddable":true,"href":"http:\/\/www.wentz.mc\/index.php?rest_route=%2Fwp%2Fv2%2Fcomments&post=138"}],"version-history":[{"count":14,"href":"http:\/\/www.wentz.mc\/index.php?rest_route=\/wp\/v2\/pages\/138\/revisions"}],"predecessor-version":[{"id":488,"href":"http:\/\/www.wentz.mc\/index.php?rest_route=\/wp\/v2\/pages\/138\/revisions\/488"}],"wp:attachment":[{"href":"http:\/\/www.wentz.mc\/index.php?rest_route=%2Fwp%2Fv2%2Fmedia&parent=138"}],"curies":[{"name":"wp","href":"https:\/\/api.w.org\/{rel}","templated":true}]}}