{"id":140,"date":"2015-03-20T11:41:27","date_gmt":"2015-03-20T10:41:27","guid":{"rendered":"http:\/\/temp.wentz.mc\/?page_id=140"},"modified":"2018-07-06T11:33:02","modified_gmt":"2018-07-06T09:33:02","slug":"conciergerie","status":"publish","type":"page","link":"http:\/\/www.wentz.mc\/?page_id=140","title":{"rendered":"Conciergerie"},"content":{"rendered":"<h1 style=\"padding-left: 30px;\">Conciergerie<\/h1>\n<h2 style=\"padding-left: 30px;\">Un service de conciergerie\u00a0et de\u00a0suivi personnalis\u00e9<\/h2>\n<p style=\"padding-left: 30px;\">Ce service vise \u00e0 faciliter toutes les d\u00e9marches que pourraient entreprendre nos clients en Principaut\u00e9.<\/p>\n","protected":false},"excerpt":{"rendered":"<p>Conciergerie Un service de conciergerie\u00a0et de\u00a0suivi personnalis\u00e9 Ce service vise \u00e0 faciliter toutes les d\u00e9marches que pourraient entreprendre nos clients en Principaut\u00e9.<\/p>\n","protected":false},"author":1,"featured_media":0,"parent":0,"menu_order":0,"comment_status":"closed","ping_status":"closed","template":"","meta":[],"acf":[],"_links":{"self":[{"href":"http:\/\/www.wentz.mc\/index.php?rest_route=\/wp\/v2\/pages\/140"}],"collection":[{"href":"http:\/\/www.wentz.mc\/index.php?rest_route=\/wp\/v2\/pages"}],"about":[{"href":"http:\/\/www.wentz.mc\/index.php?rest_route=\/wp\/v2\/types\/page"}],"author":[{"embeddable":true,"href":"http:\/\/www.wentz.mc\/index.php?rest_route=\/wp\/v2\/users\/1"}],"replies":[{"embeddable":true,"href":"http:\/\/www.wentz.mc\/index.php?rest_route=%2Fwp%2Fv2%2Fcomments&post=140"}],"version-history":[{"count":8,"href":"http:\/\/www.wentz.mc\/index.php?rest_route=\/wp\/v2\/pages\/140\/revisions"}],"predecessor-version":[{"id":498,"href":"http:\/\/www.wentz.mc\/index.php?rest_route=\/wp\/v2\/pages\/140\/revisions\/498"}],"wp:attachment":[{"href":"http:\/\/www.wentz.mc\/index.php?rest_route=%2Fwp%2Fv2%2Fmedia&parent=140"}],"curies":[{"name":"wp","href":"https:\/\/api.w.org\/{rel}","templated":true}]}}