{"id":51,"date":"2015-02-25T10:41:19","date_gmt":"2015-02-25T09:41:19","guid":{"rendered":"http:\/\/temp.wentz.mc\/?page_id=51"},"modified":"2015-04-02T09:53:38","modified_gmt":"2015-04-02T07:53:38","slug":"nos-produits","status":"publish","type":"page","link":"http:\/\/www.wentz.mc\/?page_id=51","title":{"rendered":"Nos produits"},"content":{"rendered":"\n    <div class=\"grid-33\">\n\n    <article class=\"property-preview post-443 property type-property status-publish hentry\" id=\"property-preview-\">\n\n      <div class=\"property-preview__thumbnail\" style=\"background-image: url(http:\/\/www.wentz.mc\/wp-content\/uploads\/2018\/04\/STELLA-1024x889.jpg)\">\n          <a href=\"http:\/\/www.wentz.mc\/?property=443\"><\/a>\n        <\/div>\n      <div class=\"property-preview__description\">\n        <h1 class=\"property-preview__title\">\n          <span class=\"property-preview__city\"> - Monaco<\/span>\n\n          <span class=\"property-preview__type\">2-pieces \u2022 \n                    <span class=\"property-preview__surface\">86 m\u00b2 \u2022 <\/span>\n\n          6.000 \u20ac \/ mois<\/span>\n        <\/h1>\n        \n    <p class=\"property_descriptions property__field\">\n\n      \n      <span class=\"value\">\n        APPARTEMENT DUPLEX N\u00b0307\r\n3\u00e8me et 4\u00e8me \u00e9tages\r\nBLOC A\r\nIMMEUBLE NEUF\r\n...      <\/span>\n\n    <\/p>\n\n        <a href=\"http:\/\/www.wentz.mc\/?property=443\" class=\"property-preview__link\">D\u00e9tails du produit<\/a>\n      <\/div>\n\n      <span class=\"property-preview__ribbon location\">Location<\/span>\n\n    <\/article>\n\n    <\/div>\n  \n","protected":false},"excerpt":{"rendered":"","protected":false},"author":1,"featured_media":0,"parent":0,"menu_order":0,"comment_status":"closed","ping_status":"closed","template":"","meta":[],"acf":[],"_links":{"self":[{"href":"http:\/\/www.wentz.mc\/index.php?rest_route=\/wp\/v2\/pages\/51"}],"collection":[{"href":"http:\/\/www.wentz.mc\/index.php?rest_route=\/wp\/v2\/pages"}],"about":[{"href":"http:\/\/www.wentz.mc\/index.php?rest_route=\/wp\/v2\/types\/page"}],"author":[{"embeddable":true,"href":"http:\/\/www.wentz.mc\/index.php?rest_route=\/wp\/v2\/users\/1"}],"replies":[{"embeddable":true,"href":"http:\/\/www.wentz.mc\/index.php?rest_route=%2Fwp%2Fv2%2Fcomments&post=51"}],"version-history":[{"count":2,"href":"http:\/\/www.wentz.mc\/index.php?rest_route=\/wp\/v2\/pages\/51\/revisions"}],"predecessor-version":[{"id":207,"href":"http:\/\/www.wentz.mc\/index.php?rest_route=\/wp\/v2\/pages\/51\/revisions\/207"}],"wp:attachment":[{"href":"http:\/\/www.wentz.mc\/index.php?rest_route=%2Fwp%2Fv2%2Fmedia&parent=51"}],"curies":[{"name":"wp","href":"https:\/\/api.w.org\/{rel}","templated":true}]}}