{"id":53,"date":"2015-02-25T10:41:35","date_gmt":"2015-02-25T09:41:35","guid":{"rendered":"http:\/\/temp.wentz.mc\/?page_id=53"},"modified":"2018-07-06T11:32:02","modified_gmt":"2018-07-06T09:32:02","slug":"mandataire-agree","status":"publish","type":"page","link":"http:\/\/www.wentz.mc\/?page_id=53","title":{"rendered":"Mandataire agr\u00e9\u00e9"},"content":{"rendered":"<h1 style=\"padding-left: 30px;\">Mandataire agr\u00e9\u00e9<\/h1>\n<h2 style=\"padding-left: 30px;\">M. John WENTZ a re\u00e7u l\u2019agr\u00e9ment des services fiscaux de la Principaut\u00e9 de MONACO en date du 12 Mars 2012 en tant que mandataire d\u2019entit\u00e9s juridiques propri\u00e9taires de biens immobiliers en Principaut\u00e9.<\/h2>\n<p>&nbsp;<\/p>\n<p style=\"padding-left: 30px;\"><strong>A propos\u00a0<\/strong><\/p>\n<p style=\"padding-left: 30px;\">Les entit\u00e9s juridiques titulaires de droits r\u00e9els sur un ou plusieurs biens immobiliers situ\u00e9s sur le territoire de la Principaut\u00e9, telles que d\u00e9finies par l\u2019article 2 de la <a href=\"http:\/\/www.legimonaco.mc\/305\/legismclois.nsf\/db3b0488a44ebcf9c12574c7002a8e84\/475fe40e8fec2fb1c1257c06002f1912!OpenDocument\">Loi n. 1.381 du 19\/06\/2011 relative aux droits d&rsquo;enregistrement exigibles sur les mutations de biens et droits immobiliers<\/a>, sont d\u00e9sormais tenues \u00e0 une obligation de\u00a0<strong>d\u00e9claration annuelle<\/strong>\u00a0aupr\u00e8s de la Direction des Services Fiscaux de changement ou d\u2019absence de changement du ou de l\u2019un des b\u00e9n\u00e9ficiaires \u00e9conomique effectifs de ces droits.<\/p>\n<p style=\"padding-left: 30px;\">A cette fin, les entit\u00e9s juridiques concern\u00e9es sont tenues de d\u00e9signer un\u00a0<strong>mandataire<\/strong>\u00a0\u00e9tabli \u00e0 Monaco (Article 5 de la Loi n\u00b0 1.381 du 19 juin 2011) selon les modalit\u00e9s pr\u00e9vues \u00e0 l\u2019article 2 de <a href=\"http:\/\/www.legimonaco.mc\/305\/legismclois.nsf\/db3b0488a44ebcf9c12574c7002a8e84\/c4b8dcbae1a118c3c125790b002f4352!OpenDocument&amp;Highlight=\">l\u2019Arr\u00eat\u00e9 Minist\u00e9riel n\u00b0 2011-444 du 4 ao\u00fbt 2011<\/a> .<\/p>\n<p>&nbsp;<\/p>\n<p style=\"padding-left: 30px;\"><strong>La d\u00e9signation du mandataire agr\u00e9\u00e9 doit intervenir<br \/>\n<\/strong><\/p>\n<p style=\"padding-left: 30px;\">\u2022 Soit concomitamment \u00e0 l\u2019acte constitutif des droits r\u00e9els susvis\u00e9s<br \/>\n\u2022 Soit, au plus tard, le 30 juin 2012 pour les entit\u00e9s juridiques titulaires de tels droits r\u00e9els ant\u00e9rieurement \u00e0 l\u2019entr\u00e9e en vigueur de la Loi n\u00b0 1.381 pr\u00e9cit\u00e9e, \u00e0 savoir le 2 juillet 2011<\/p>\n","protected":false},"excerpt":{"rendered":"<p>Mandataire agr\u00e9\u00e9 M. John WENTZ a re\u00e7u l\u2019agr\u00e9ment des services fiscaux de la Principaut\u00e9 de MONACO en date du 12 Mars 2012 en tant que mandataire d\u2019entit\u00e9s juridiques propri\u00e9taires de biens immobiliers en Principaut\u00e9. &nbsp; A propos\u00a0 Les entit\u00e9s juridiques titulaires de droits r\u00e9els sur un ou plusieurs biens immobiliers situ\u00e9s sur le territoire de [&hellip;]<\/p>\n","protected":false},"author":1,"featured_media":0,"parent":0,"menu_order":0,"comment_status":"closed","ping_status":"closed","template":"","meta":[],"acf":[],"_links":{"self":[{"href":"http:\/\/www.wentz.mc\/index.php?rest_route=\/wp\/v2\/pages\/53"}],"collection":[{"href":"http:\/\/www.wentz.mc\/index.php?rest_route=\/wp\/v2\/pages"}],"about":[{"href":"http:\/\/www.wentz.mc\/index.php?rest_route=\/wp\/v2\/types\/page"}],"author":[{"embeddable":true,"href":"http:\/\/www.wentz.mc\/index.php?rest_route=\/wp\/v2\/users\/1"}],"replies":[{"embeddable":true,"href":"http:\/\/www.wentz.mc\/index.php?rest_route=%2Fwp%2Fv2%2Fcomments&post=53"}],"version-history":[{"count":10,"href":"http:\/\/www.wentz.mc\/index.php?rest_route=\/wp\/v2\/pages\/53\/revisions"}],"predecessor-version":[{"id":497,"href":"http:\/\/www.wentz.mc\/index.php?rest_route=\/wp\/v2\/pages\/53\/revisions\/497"}],"wp:attachment":[{"href":"http:\/\/www.wentz.mc\/index.php?rest_route=%2Fwp%2Fv2%2Fmedia&parent=53"}],"curies":[{"name":"wp","href":"https:\/\/api.w.org\/{rel}","templated":true}]}}